{"id":988459,"date":"2025-04-08T14:39:17","date_gmt":"2025-04-08T14:39:17","guid":{"rendered":"https:\/\/taragon.netgen.host\/?page_id=988459"},"modified":"2025-04-08T14:42:30","modified_gmt":"2025-04-08T14:42:30","slug":"datenschutzhinweise-fuer-kunden-der-taragon","status":"publish","type":"page","link":"https:\/\/www.taragon.li\/en\/datenschutzhinweise-fuer-kunden-der-taragon\/","title":{"rendered":"Datenschutzhinweise f\u00fcr Kunden der Taragon"},"content":{"rendered":"\t\t<div data-elementor-type=\"wp-page\" data-elementor-id=\"988459\" class=\"elementor elementor-988459\" data-elementor-post-type=\"page\">\n\t\t\t\t\t\t<section class=\"elementor-section elementor-top-section elementor-element elementor-element-131db5f elementor-section-full_width elementor-section-content-middle elementor-section-height-default elementor-section-height-default\" data-id=\"131db5f\" data-element_type=\"section\">\n\t\t\t\t\t\t<div class=\"elementor-container elementor-column-gap-no\">\n\t\t\t\t\t<div class=\"elementor-column elementor-col-100 elementor-top-column elementor-element elementor-element-8e0feea\" data-id=\"8e0feea\" data-element_type=\"column\">\n\t\t\t<div class=\"elementor-widget-wrap elementor-element-populated\">\n\t\t\t\t\t\t<section class=\"elementor-section elementor-inner-section elementor-element elementor-element-30995f5 elementor-section-boxed elementor-section-height-default elementor-section-height-default\" data-id=\"30995f5\" data-element_type=\"section\">\n\t\t\t\t\t\t<div class=\"elementor-container elementor-column-gap-no\">\n\t\t\t\t\t<div class=\"elementor-column elementor-col-100 elementor-inner-column elementor-element elementor-element-a2472e3\" data-id=\"a2472e3\" data-element_type=\"column\">\n\t\t\t<div class=\"elementor-widget-wrap elementor-element-populated\">\n\t\t\t\t\t\t<div class=\"elementor-element elementor-element-87410c6 elementor-widget elementor-widget-heading\" data-id=\"87410c6\" data-element_type=\"widget\" data-widget_type=\"heading.default\">\n\t\t\t\t<div class=\"elementor-widget-container\">\n\t\t\t\t\t<h2 class=\"elementor-heading-title elementor-size-default\">Datenschutzhinweise f\u00fcr Kunden der Taragon Capital AG aufgrund der EU-Datenschutzgrundverordnung und des Datenschutzgesetzes<\/h2>\t\t\t\t<\/div>\n\t\t\t\t<\/div>\n\t\t\t\t<div class=\"elementor-element elementor-element-7c7b31a elementor-widget__width-initial elementor-widget-mobile__width-initial elementor-widget elementor-widget-text-editor\" data-id=\"7c7b31a\" data-element_type=\"widget\" data-widget_type=\"text-editor.default\">\n\t\t\t\t<div class=\"elementor-widget-container\">\n\t\t\t\t\t\t\t\t\t<p class=\" text-left\">Sehr geehrte Kundin, sehr geehrter Kunde<\/p><p class=\" text-left\">Mit den folgenden Datenschutzhinweisen m\u00f6chten wir Ihnen einen \u00dcberblick geben \u00fcber die Verarbeitung der bei unserer Verm\u00f6gensverwaltungsgesellschaft gef\u00fchrten personenbezogenen Daten und die daraus resultierenden Rechte nach den Bestimmungen der neuen Datenschutzgrund-verordnung der EU (DSGVO)und dem Datenschutzgesetz (DSG). Welche Daten im Einzelnen verarbeitet und in welcher Weise genutzt werden, richtet sich massgeblich nach den jeweils zu erbringenden beziehungsweise vereinbarten Dienstleistungen und Produkten. Die Verm\u00f6gensverwaltungsgesellschaft ist gesetzlich zum Schutz Ihrer Privatsph\u00e4re und Verschwiegenheit verpflichtet und trifft aus diesem Grund f\u00fcr s\u00e4mtliche Datenverarbeitungen personenbezogener Daten eine Vielzahl an technischen und organisatorischen Datenschutzvorkehrungen.<\/p><p class=\" text-left\">Im Rahmen unserer Gesch\u00e4ftsbeziehung sind wir darauf angewiesen, personenbezogene Daten zu verarbeiten, die f\u00fcr die Aufnahme und Durchf\u00fchrung der Gesch\u00e4ftsbeziehung und die Erf\u00fcllung der damit verbundenen gesetzlichen oder vertraglichen Pflichten sowie zur Erbringung von Dienstleistungen oder Ausf\u00fchrung von Auftr\u00e4gen erforderlich sind. Ohne diese Daten werden wir in der Regel nicht in der Lage sein, eine Gesch\u00e4ftsbeziehung einzugehen beziehungsweise aufrechtzuerhalten, einen Auftrag abzuwickeln oder Dienstleistungen und Produkte anzubieten.<\/p><p class=\" text-left\">Sollten Sie Fragen hinsichtlich einzelner Datenverarbeitungen haben oder Ihre Rechte, wie nachstehend unter Punkt 5 beschrieben, wahrnehmen wollen, wenden Sie sich bitte an:<\/p><p class=\" text-left\">\u00a0<\/p><p class=\" text-left\"><b>Verantwortliche Stelle:<\/b><\/p><p class=\" text-left\">Taragon Capital AG, Abtswingertweg 1, 9490 Vaduz, Liechtenstein, Telefon: +423 232 11 66<\/p><p class=\" text-left\">\u00a0<\/p><p class=\" text-left\"><b>Kontaktdaten des Datenschutzbeauftragten:<\/b><\/p><p class=\" text-left\">Taragon Capital AG, Datenschutzbeauftragter, Abtswingertweg 1, 9490 Vaduz, Liechtenstein<\/p><p class=\" text-left\">Telefon: +423 232 11 66<\/p><p class=\" text-left\">\u00a0<\/p><p class=\" text-left\">\u00a0<\/p><h5><a id=\"eztoc802_1\" name=\"eztoc802_1\"><\/a><\/h5><h5>1. Welche Daten werden verarbeitet (Datenkategorien) und aus welchen Quellen stammen sie (Herkunft)?<\/h5><p class=\" text-left\">Wir erheben und verarbeiten personenbezogene Daten, die wir im Rahmen unserer Gesch\u00e4ftsbeziehung mit unseren Kunden erhalten. Personenbezogene Daten k\u00f6nnen in jeder Phase der Gesch\u00e4ftsbeziehung verarbeitet werden und sich je nach Personengruppe unterscheiden.<\/p><p class=\" text-left\">Grunds\u00e4tzlich verarbeiten wir personenbezogene Daten, die uns von Ihnen mittels eingereichter Vertr\u00e4ge, Formulare, Ihrer Korrespondenz oder anderer Dokumente zur Verf\u00fcgung gestellt werden. Sofern f\u00fcr die Erbringung der Dienstleistung erforderlich, verarbeiten wir auch personenbezogene Daten, die aufgrund der Inanspruchnahme von Produkten oder Dienstleistungen anfallen beziehungsweise \u00fcbermittelt werden oder die wir von Dritten (z. B. einer Treuhandgesellschaft), von \u00f6ffentlichen Stellen (z. B. Sanktionslisten der UNO und der EU) zul\u00e4ssigerweise erhalten haben. Schliesslich k\u00f6nnen personenbezogene Daten aus \u00f6ffentlich zug\u00e4nglichen Quellen (z. B. Handels- und Vereinsregister, Presse, Internet) verarbeitet werden.<\/p><p class=\" text-left\">Neben Kundendaten verarbeiten wir gegebenenfalls auch personenbezogene Daten von anderen, in die Gesch\u00e4ftsbeziehung involvierten Dritten wie beispielsweise Daten von (weiteren) Bevollm\u00e4chtigten, Vertretern, Rechtsnachfolgern oder wirtschaftlich Berechtigten einer Gesch\u00e4ftsbeziehung. Wir bitten Sie, allf\u00e4llige Drittpersonen ebenfalls \u00fcber die vorliegenden Datenschutzhinweise zu informieren.<\/p><p class=\" text-left\">Unter personenbezogenen Daten verstehen wir insbesondere folgende Datenkategorien:<\/p><p class=\" text-left\"><b>Stammdaten<\/b><\/p><ul><li>Personalien (z. B. Name, Geburtsdatum, Staatsangeh\u00f6rigkeit)<\/li><li>Adress- und Kontaktdaten (z. B. physische Adresse, Telefonnummer, E-Mail-Adresse)<\/li><li>Legitimationsdaten (z. B. Pass- oder Ausweisdaten) und Authentifikationsdaten (z. B. Unterschriftsprobe)<\/li><li>Daten aus \u00f6ffentlich zug\u00e4nglichen Quellen (z. B. Steuernummern)<\/li><\/ul><p class=\" text-left\">\u00a0\u00a0<\/p><p class=\" text-left\"><b>Weiterf\u00fchrende Basisdaten<\/b><\/p><ul><li>Informationen zu genutzten Dienstleistungen und Produkten (z. B. Anlageerfahrung und Anlageprofil, Beratungsprotokolle, Daten bez\u00fcglich ausgef\u00fchrter Transaktionen)<\/li><li>Informationen zu Haushaltszusammensetzung und Beziehungen (z. B. Informationen zu Ehegatten oder Lebenspartner und weitere Familienangaben, Zeichnungsberechtigte, gesetzliche Vertreter)<\/li><li>Informationen \u00fcber die finanziellen Merkmale und die finanzielle Situation (z. B. Portfolio- und Kontonummer, Herkunft des Verm\u00f6gens)<\/li><li>Informationen \u00fcber den beruflichen und pers\u00f6nlichen Hintergrund (z. B. berufliche T\u00e4tigkeit, Hobbys, W\u00fcnsche, Pr\u00e4ferenzen)<\/li><li>Technische Daten und Informationen zum elektronischen Verkehr mit der Verm\u00f6gensverwaltungsgesellschaft (z. B. Aufzeichnungen von Zugriffen oder \u00c4nderungen)<\/li><li>Bild- und Tondateien (z. B. Video- oder Telefonaufzeichnungen)<\/li><\/ul><p class=\" text-left\">\u00a0<\/p><p class=\" text-left\">\u00a0<\/p><h5><a id=\"eztoc802_2\" name=\"eztoc802_2\"><\/a><\/h5><h5>2. F\u00fcr welche Zwecke und auf welcher Rechtsgrundlage werden Ihre Daten verarbeitet?<\/h5><p class=\" text-left\">Wir verarbeiten personenbezogene Daten im Einklang mit den Bestimmungen der DSGVO sowie dem DSG f\u00fcr nachfolgende Zwecke beziehungsweise auf Basis der nachstehenden Rechtsgrundlagen:<\/p><ul><li><b>Zur Erf\u00fcllung eines Vertrages oder zur Durchf\u00fchrung vorvertraglicher Massnahmen<\/b>im Rahmen der Erbringung und Vermittlung von Verm\u00f6gensverwaltung, Anlageberatung und den \u00fcbrigen Finanzdienstleistungen, welche durch eine Verm\u00f6gensverwaltungsgesellschaft erbracht werden k\u00f6nnen. Die Zwecke der Datenverarbeitung richten sich in erster Linie nach der konkreten Dienstleistung oder dem konkreten Produkt (z. B. Wertpapiere) und k\u00f6nnen unter anderem Bedarfsanalysen, Beratung, Verm\u00f6gensverwaltung und -betreuung sowie die Durchf\u00fchrung von Transaktionen umfassen.<\/li><\/ul><ul><li><b>Zur Erf\u00fcllung rechtlicher Verpflichtungen oder im \u00f6ffentlichen Interesse<\/b>, insbesondere der Einhaltung von gesetzlichen und aufsichtsrechtlichen Vorgaben (z. B. Einhaltung der DSGVO, des DSG, des Verm\u00f6gensverwaltungsgesetzes, Sorgfaltspflicht- und Anti-Geldw\u00e4schereibestimmungen, Marktmissbrauchsbestimmungen, Steuergesetze und -abkommen, Kontroll- und Meldepflichten, Risikomanagement). Sollten Sie uns die notwendigen Daten nicht zur Verf\u00fcgung stellen, haben wir entsprechende aufsichtsrechtliche Pflichten zur erf\u00fcllen und sind allenfalls zum Abbruch der Gesch\u00e4ftsbeziehung gezwungen.<\/li><\/ul><ul><li><b>Zur Wahrung berechtigter Interessen von uns oder Dritten<\/b>f\u00fcr konkret festgelegte Zwecke, insbesondere zur Ermittlung der Produktentwicklung, Marketing und Werbung, Gesch\u00e4ftspr\u00fcfung und Risikosteuerung, Reporting, Statistik und Planung, Verhinderung und Aufkl\u00e4rung von Straftaten, Video\u00fcberwachungen zur Wahrung des Hausrechts und zur Abwehr von Gefahren, Telefonaufzeichnungen.<\/li><\/ul><ul><li><b>Aufgrund Ihrer Einwilligung<\/b>, die Sie uns zur Erbringung von Verm\u00f6gensverwaltungsdienstleistungen oder aufgrund von Auftr\u00e4gen erteilt haben wie beispielsweise die Weitergabe von Daten an Dienstleister oder Vertragspartner der Verm\u00f6gensverwaltungsgesellschaft. Sie haben das Recht, Ihre Einwilligung jederzeit zu widerrufen. Dies gilt auch f\u00fcr den Widerruf von Einwilligungserkl\u00e4rungen, die der Verm\u00f6gensverwaltungsgesellschaft vor der Geltung der DSGVO, also vor dem 25. Mai 2018 erteilt worden sind. Der Widerruf der Einwilligung wirkt nur f\u00fcr die Zukunft und ber\u00fchrt nicht die Rechtm\u00e4ssigkeit der bis zum Widerruf verarbeiteten Daten.\u00a0<\/li><\/ul><p class=\" text-left\">Wir behalten uns vor, personenbezogene Daten, die zu einem der vorstehenden Zwecke erhoben wurden, auch zu den \u00fcbrigen Zwecken weiter zu verarbeiten, wenn dies mit dem urspr\u00fcnglichen Zweck vereinbar oder durch Rechtsvorschrift zugelassen beziehungsweise vorgeschrieben ist (z. B. Meldepflichten).<\/p><p class=\" text-left\">\u00a0<\/p><h5><a id=\"eztoc802_3\" name=\"eztoc802_3\"><\/a><\/h5><h5>3. Wer erh\u00e4lt Zugriff auf die personenbezogenen Daten und wie lange werden sie gespeichert?<\/h5><p class=\" text-left\">Zugriff auf Ihre Daten k\u00f6nnen sowohl Stellen innerhalb als auch ausserhalb der Verm\u00f6gensverwaltungsgesell-schaft erhalten. Innerhalb der Verm\u00f6gensverwaltungsgesellschaft d\u00fcrfen nur Stellen beziehungsweise Mitarbeitende Ihre Daten verarbeiten, sofern sie diese zur Erf\u00fcllung unserer vertraglichen, gesetzlichen und aufsichtsrechtlichen Pflichten sowie zur Wahrung berechtigter Interessen ben\u00f6tigen. Unter Einhaltung der entsprechenden gesetzlichen Bestimmungen k\u00f6nnen auch andere Gesellschaften, Dienstleister oder Erf\u00fcllungsgehilfen zu diesen Zwecken personenbezogene Daten erhalten. Auftragsverarbeiter k\u00f6nnen Unternehmen in den Kategorien Verm\u00f6gensverwaltungsdienstleistungen, Vertriebsvereinbarungen, IT-Dienstleistungen, Logistik, Druckdienstleistungen, Beratung und Consulting sowie Vertrieb und Marketing sein. Ferner k\u00f6nnen Empf\u00e4nger Ihrer Daten in diesem Zusammenhang andere Finanzdienstleistungsinstitute oder vergleichbare Einrichtungen sein, an welche wir zur Durchf\u00fchrung der Gesch\u00e4ftsbeziehung personenbezogene Daten \u00fcbermitteln (z. B. Depotbanken, Broker, B\u00f6rsen, Auskunftstellen).<\/p><p class=\" text-left\">Bei Vorliegen einer gesetzlichen oder aufsichtsrechtlichen Verpflichtung k\u00f6nnen auch \u00f6ffentliche Stellen und Institutionen (z. B. Aufsichtsbeh\u00f6rden, Finanzbeh\u00f6rden etc.) Ihre personenbezogenen Daten empfangen.<\/p><p class=\" text-left\">Eine Daten\u00fcbermittlung in L\u00e4nder ausserhalb der EU beziehungsweise des EWR (sogenannte Drittstaaten) erfolgt nur, sofern<\/p><ul><li>dies zur Durchf\u00fchrung vorvertraglicher Massnahmen oder zur Erf\u00fcllung eines Vertrages, zur Erbringung von Dienstleistungen oder Abwicklung von Auftr\u00e4gen erforderlich ist (z. B. Ausf\u00fchrung von Wertpapiertransaktionen),<\/li><li>Sie uns Ihre Einwilligung erteilt haben (z.B. zur Kundenbetreuung durch eine andere Gesellschaft),<\/li><li>dies aus wichtigen Gr\u00fcnden des \u00f6ffentlichen Interesses notwendig ist (z. B. aufgrund der Geldw\u00e4schereipr\u00e4vention) oder<\/li><li>dies gesetzlich vorgeschrieben ist (z. B. Transaktionsmeldepflichten).<\/li><\/ul><p class=\" text-left\">Es sind dies jedoch nur L\u00e4nder, f\u00fcr welche die EU-Kommission entschieden hat, dass sie \u00fcber ein angemessenes Datenschutzniveau verf\u00fcgen oder wir setzen Massnahmen, um zu gew\u00e4hrleisten, dass alle Empf\u00e4nger ein angemessenes Datenschutzniveau haben. Dazu schliessen wir gegebenenfalls Standardvertragsklauseln, welche in diesem Fall auf Anfrage verf\u00fcgbar sind.<\/p><p class=\" text-left\">Wir verarbeiten und speichern die personenbezogenen Daten w\u00e4hrend der gesamten Dauer der Gesch\u00e4ftsbeziehung, soweit keine k\u00fcrzeren zwingenden L\u00f6schpflichten f\u00fcr bestimmte Daten bestehen. Dabei ist zu beachten, dass unsere Gesch\u00e4ftsbeziehungen auf Jahre angelegt sein k\u00f6nnen. Dar\u00fcber hinaus bestimmt sich die Dauer der Speicherung nach der Erforderlichkeit und dem Zweck der jeweiligen Datenverarbeitung. Sind die Daten f\u00fcr die Erf\u00fcllung vertraglicher oder gesetzlicher Pflichten beziehungsweise zur Wahrung unserer berechtigten Interessen nicht mehr erforderlich (Zweckerreichung) oder wird eine erteilte Einwilligung widerrufen, werden diese regelm\u00e4ssig gel\u00f6scht, es sei denn, die Weiterverarbeitung ist aufgrund der vertraglichen oder gesetzlichen Auf-bewahrungsfristen und Dokumentationspflichten oder aus Gr\u00fcnden der Erhaltung von Beweismitteln w\u00e4hrend der Dauer der anwendbaren Verj\u00e4hrungsvorschriften notwendig.<\/p><p class=\" text-left\">\u00a0<\/p><h5><a id=\"eztoc802_4\" name=\"eztoc802_4\"><\/a><\/h5><h5>4. Gibt es eine automatisierte Entscheidungsfindung einschliesslich Profiling?<\/h5><p class=\" text-left\">Unsere Entscheidungen beruhen grunds\u00e4tzlich nicht auf einer ausschliesslich automatisierten Verarbeitung personenbezogener Daten. Sollten wir diese Verfahren in Einzelf\u00e4llen einsetzen, werden wir Sie gem\u00e4ss den gesetzlichen Vorschriften hier\u00fcber gesondert informieren.<\/p><p class=\" text-left\">Es gibt Gesch\u00e4ftsbereiche, in denen personenbezogene Daten zumindest teilweise automatisiert verarbeitet werden. Dies mit dem Ziel, bestimmte pers\u00f6nliche Aspekte zu bewerten, soweit uns gesetzliche und regulatorische Vorgaben verpflichten (z. B. Geldw\u00e4schereipr\u00e4vention), zur Bedarfsanalyse f\u00fcr Dienstleistungen und Produkte sowie im Rahmen des Risikomanagements\u00a0<\/p><p class=\" text-left\">Die Verm\u00f6gensverwaltungsgesellschaft beh\u00e4lt sich vor, k\u00fcnftig Kundendaten (einschliesslich Daten mitbetroffener Dritter) automatisiert zu analysieren und zu bewerten, um wesentliche pers\u00f6nliche Merkmale des Kunden zu erkennen oder Entwicklungen vorherzusagen und Kundenprofile zu erstellen. Diese dienen insbesondere der Gesch\u00e4ftspr\u00fcfung, der individuellen Beratung sowie der Bereitstellung von Angeboten und Informationen, welche die Verm\u00f6gensverwaltungsgesellschaft dem Kunden gegebenenfalls zur Verf\u00fcgung stellt.<\/p><p class=\" text-left\">\u00a0\u00a0<\/p><h5><a id=\"eztoc802_5\" name=\"eztoc802_5\"><\/a><\/h5><h5>5. Welche Datenschutzrechte stehen Ihnen zu?<\/h5><p class=\" text-left\">Hinsichtlich der Sie betreffenden personenbezogenen Daten stehen Ihnen gem\u00e4ss DSGVO folgende Datenschutzrechte zu:<\/p><ul><li><b>Recht auf Auskunft:<\/b>Sie k\u00f6nnen von der Verm\u00f6gensverwaltungsgesellschaft Auskunft dar\u00fcber verlangen, ob und in welchem Umfang personenbezogene Daten \u00fcber Sie verarbeitet werden (z. B. Kategorien der verarbeiteten personenbezogenen Daten, Verarbeitungszweck usw.).<\/li><li><b>Recht auf Berichtigung, L\u00f6schung und Einschr\u00e4nkung der Verarbeitung:<\/b>Sie haben das Recht, die Berichtigung Sie betreffender unrichtiger oder unvollst\u00e4ndiger personenbezogener Daten zu verlangen. Dar\u00fcber hinaus sind Ihre personenbezogenen Daten zu l\u00f6schen, wenn diese Daten f\u00fcr die Zwecke, f\u00fcr welche sie erhoben oder verarbeitet wurden, nicht mehr notwendig sind, Sie Ihre Einwilligung widerrufen haben oder diese Daten unrechtm\u00e4ssig verarbeitet werden. Ferner haben Sie das Recht, die Einschr\u00e4nkung der Verarbeitung zu verlangen.<\/li><li><b>Widerrufsrecht:<\/b>Sie haben das Recht, Ihre Einwilligung zur Verarbeitung der Sie betreffenden personenbezogenen Daten f\u00fcr einen oder mehrere bestimmte Zwecke jederzeit zu widerrufen, wenn die Verarbeitung auf Ihrer ausdr\u00fccklichen Einwilligung beruht. Dies gilt auch f\u00fcr den Widerruf von Einwilligungserkl\u00e4rungen, die vor der Geltung der DSGVO, also vor dem 25. Mai 2018 erteilt worden sind. Bitte beachten Sie, dass der Widerruf erst f\u00fcr die Zukunft wirkt. Verarbeitungen die vor dem Widerruf erfolgt sind, sind davon nicht betroffen. Auch hat der Widerruf keinen Einfluss auf Datenverarbeitungen auf anderer Rechtsgrundlage.<\/li><li><b>Recht auf Daten\u00fcbertragbarkeit:<\/b>Sie haben das Recht, die Sie betreffenden personenbezogenen Daten, die Sie dem Verantwortlichen bereitgestellt haben, in einem strukturierten, g\u00e4ngigen und maschinenlesbaren Format zu erhalten und diese Daten einem anderen Verantwortlichen \u00fcbermitteln zu lassen.<\/li><li><b>Widerspruchsrecht:<\/b>Ihnen steht das Recht zu, der Datenverarbeitung im Einzelfall aus Gr\u00fcnden, welche sich aus Ihrer besonderen Situation ergeben, formlos zu widersprechen, sofern die Verarbeitung im \u00f6ffentlichen Interesse liegt oder zur Wahrung berechtigter Interessen der Verm\u00f6gensverwaltungsgesellschaft oder eines Dritten erfolgt. Dar\u00fcber hinaus haben Sie das Recht, formlos Widerspruch gegen die Verwendung personenbezogener Daten zu Werbezwecken zu erheben. Widersprechen Sie der Verarbeitung Ihrer personenbezogenen Daten f\u00fcr Direktwerbung, werden wir Ihre personenbezogenen Daten nicht mehr f\u00fcr diesen Zweck verarbeiten.<\/li><li><b>Beschwerderecht:<\/b>Sie haben das Recht, eine Beschwerde bei der zust\u00e4ndigen liechtensteinischen Aufsichtsbeh\u00f6rde einzureichen. Sie k\u00f6nnen sich auch an eine andere Aufsichtsbeh\u00f6rde eines EU- oder EWR-Mitgliedstaates wenden, beispielsweise an Ihrem Aufenthalts- oder Arbeitsort oder am Ort des mutmasslichen Verstosses.<\/li><\/ul><p class=\" text-left\">Die Kontaktdaten der in Liechtenstein zust\u00e4ndigen Datenschutzstelle lauten wie folgt:<\/p><p class=\" text-left\">Datenschutzstelle Liechtenstein, St\u00e4dtle 38, Postfach, FL-9490 Vaduz, F\u00fcrstentum Liechtenstein<br \/>Telefon Nr. + 423 236 60 90, E-Mail: info.dss@llv.li<\/p><p class=\" text-left\">Auskunfts- oder Widerspruchsgesuche sind vorzugsweise schriftlich an den Datenschutzbeauftragten zu stellen. Dieser steht Ihnen auch als Ansprechpartner f\u00fcr alle weiteren datenschutzrechtlichen Angelegenheiten zur Verf\u00fcgung.<\/p><p class=\" text-left\">\u00a0<\/p><p class=\" text-left\">Stand: Februar 2019<\/p>\t\t\t\t\t\t\t\t<\/div>\n\t\t\t\t<\/div>\n\t\t\t\t\t<\/div>\n\t\t<\/div>\n\t\t\t\t\t<\/div>\n\t\t<\/section>\n\t\t\t\t<div class=\"elementor-element elementor-element-06b96c0 elementor-absolute elementor-widget elementor-widget-template\" data-id=\"06b96c0\" data-element_type=\"widget\" data-settings=\"{&quot;_position&quot;:&quot;absolute&quot;}\" data-widget_type=\"template.default\">\n\t\t\t\t<div class=\"elementor-widget-container\">\n\t\t\t\t\t\t\t<div class=\"elementor-template\">\n\t\t\t\t\t<div data-elementor-type=\"section\" data-elementor-id=\"10889\" class=\"elementor elementor-10889\" data-elementor-post-type=\"elementor_library\">\n\t\t\t\t\t<section class=\"elementor-section elementor-top-section elementor-element elementor-element-aff5d0f elementor-section-full_width elementor-section-height-default elementor-section-height-default\" data-id=\"aff5d0f\" data-element_type=\"section\" data-settings=\"{&quot;motion_fx_motion_fx_scrolling&quot;:&quot;yes&quot;,&quot;motion_fx_translateY_effect&quot;:&quot;yes&quot;,&quot;motion_fx_translateY_speed&quot;:{&quot;unit&quot;:&quot;px&quot;,&quot;size&quot;:1,&quot;sizes&quot;:[]},&quot;motion_fx_translateY_affectedRange&quot;:{&quot;unit&quot;:&quot;%&quot;,&quot;size&quot;:&quot;&quot;,&quot;sizes&quot;:{&quot;start&quot;:0,&quot;end&quot;:58}},&quot;motion_fx_devices&quot;:[&quot;desktop&quot;]}\">\n\t\t\t\t\t\t<div class=\"elementor-container elementor-column-gap-no\">\n\t\t\t\t\t<div class=\"elementor-column elementor-col-100 elementor-top-column elementor-element elementor-element-70019ce\" data-id=\"70019ce\" data-element_type=\"column\">\n\t\t\t<div class=\"elementor-widget-wrap elementor-element-populated\">\n\t\t\t\t\t\t<div class=\"elementor-element elementor-element-6ed649e elementor-widget__width-initial e-transform elementor-absolute elementor-widget elementor-widget-spacer\" data-id=\"6ed649e\" data-element_type=\"widget\" data-settings=\"{&quot;_transform_skewX_effect&quot;:{&quot;unit&quot;:&quot;px&quot;,&quot;size&quot;:-20,&quot;sizes&quot;:[]},&quot;_position&quot;:&quot;absolute&quot;,&quot;_transform_skewX_effect_tablet&quot;:{&quot;unit&quot;:&quot;deg&quot;,&quot;size&quot;:&quot;&quot;,&quot;sizes&quot;:[]},&quot;_transform_skewX_effect_mobile&quot;:{&quot;unit&quot;:&quot;deg&quot;,&quot;size&quot;:&quot;&quot;,&quot;sizes&quot;:[]},&quot;_transform_skewY_effect&quot;:{&quot;unit&quot;:&quot;px&quot;,&quot;size&quot;:&quot;&quot;,&quot;sizes&quot;:[]},&quot;_transform_skewY_effect_tablet&quot;:{&quot;unit&quot;:&quot;deg&quot;,&quot;size&quot;:&quot;&quot;,&quot;sizes&quot;:[]},&quot;_transform_skewY_effect_mobile&quot;:{&quot;unit&quot;:&quot;deg&quot;,&quot;size&quot;:&quot;&quot;,&quot;sizes&quot;:[]}}\" data-widget_type=\"spacer.default\">\n\t\t\t\t<div class=\"elementor-widget-container\">\n\t\t\t\t\t\t\t<div class=\"elementor-spacer\">\n\t\t\t<div class=\"elementor-spacer-inner\"><\/div>\n\t\t<\/div>\n\t\t\t\t\t\t<\/div>\n\t\t\t\t<\/div>\n\t\t\t\t<div class=\"elementor-element elementor-element-c25e4d3 elementor-widget__width-initial e-transform elementor-absolute elementor-widget elementor-widget-spacer\" data-id=\"c25e4d3\" data-element_type=\"widget\" data-settings=\"{&quot;_transform_skewX_effect&quot;:{&quot;unit&quot;:&quot;px&quot;,&quot;size&quot;:-20,&quot;sizes&quot;:[]},&quot;_position&quot;:&quot;absolute&quot;,&quot;_transform_skewX_effect_tablet&quot;:{&quot;unit&quot;:&quot;deg&quot;,&quot;size&quot;:&quot;&quot;,&quot;sizes&quot;:[]},&quot;_transform_skewX_effect_mobile&quot;:{&quot;unit&quot;:&quot;deg&quot;,&quot;size&quot;:&quot;&quot;,&quot;sizes&quot;:[]},&quot;_transform_skewY_effect&quot;:{&quot;unit&quot;:&quot;px&quot;,&quot;size&quot;:&quot;&quot;,&quot;sizes&quot;:[]},&quot;_transform_skewY_effect_tablet&quot;:{&quot;unit&quot;:&quot;deg&quot;,&quot;size&quot;:&quot;&quot;,&quot;sizes&quot;:[]},&quot;_transform_skewY_effect_mobile&quot;:{&quot;unit&quot;:&quot;deg&quot;,&quot;size&quot;:&quot;&quot;,&quot;sizes&quot;:[]}}\" data-widget_type=\"spacer.default\">\n\t\t\t\t<div class=\"elementor-widget-container\">\n\t\t\t\t\t\t\t<div class=\"elementor-spacer\">\n\t\t\t<div class=\"elementor-spacer-inner\"><\/div>\n\t\t<\/div>\n\t\t\t\t\t\t<\/div>\n\t\t\t\t<\/div>\n\t\t\t\t<div class=\"elementor-element elementor-element-71e2d13 elementor-widget__width-initial e-transform elementor-absolute elementor-widget elementor-widget-spacer\" data-id=\"71e2d13\" data-element_type=\"widget\" data-settings=\"{&quot;_transform_skewX_effect&quot;:{&quot;unit&quot;:&quot;px&quot;,&quot;size&quot;:-20,&quot;sizes&quot;:[]},&quot;_position&quot;:&quot;absolute&quot;,&quot;_transform_skewX_effect_tablet&quot;:{&quot;unit&quot;:&quot;deg&quot;,&quot;size&quot;:&quot;&quot;,&quot;sizes&quot;:[]},&quot;_transform_skewX_effect_mobile&quot;:{&quot;unit&quot;:&quot;deg&quot;,&quot;size&quot;:&quot;&quot;,&quot;sizes&quot;:[]},&quot;_transform_skewY_effect&quot;:{&quot;unit&quot;:&quot;px&quot;,&quot;size&quot;:&quot;&quot;,&quot;sizes&quot;:[]},&quot;_transform_skewY_effect_tablet&quot;:{&quot;unit&quot;:&quot;deg&quot;,&quot;size&quot;:&quot;&quot;,&quot;sizes&quot;:[]},&quot;_transform_skewY_effect_mobile&quot;:{&quot;unit&quot;:&quot;deg&quot;,&quot;size&quot;:&quot;&quot;,&quot;sizes&quot;:[]}}\" data-widget_type=\"spacer.default\">\n\t\t\t\t<div class=\"elementor-widget-container\">\n\t\t\t\t\t\t\t<div class=\"elementor-spacer\">\n\t\t\t<div class=\"elementor-spacer-inner\"><\/div>\n\t\t<\/div>\n\t\t\t\t\t\t<\/div>\n\t\t\t\t<\/div>\n\t\t\t\t\t<\/div>\n\t\t<\/div>\n\t\t\t\t\t<\/div>\n\t\t<\/section>\n\t\t\t\t<\/div>\n\t\t\t\t<\/div>\n\t\t\t\t\t\t<\/div>\n\t\t\t\t<\/div>\n\t\t\t\t\t<\/div>\n\t\t<\/div>\n\t\t\t\t\t<\/div>\n\t\t<\/section>\n\t\t\t\t<\/div>\n\t\t","protected":false},"excerpt":{"rendered":"<p>Datenschutzhinweise f\u00fcr Kunden der Taragon Capital AG aufgrund der EU-Datenschutzgrundverordnung und des Datenschutzgesetzes<\/p>\n","protected":false},"author":1,"featured_media":0,"parent":0,"menu_order":0,"comment_status":"closed","ping_status":"closed","template":"elementor_header_footer","meta":{"footnotes":""},"class_list":["post-988459","page","type-page","status-publish","hentry"],"_links":{"self":[{"href":"https:\/\/www.taragon.li\/en\/wp-json\/wp\/v2\/pages\/988459","targetHints":{"allow":["GET"]}}],"collection":[{"href":"https:\/\/www.taragon.li\/en\/wp-json\/wp\/v2\/pages"}],"about":[{"href":"https:\/\/www.taragon.li\/en\/wp-json\/wp\/v2\/types\/page"}],"author":[{"embeddable":true,"href":"https:\/\/www.taragon.li\/en\/wp-json\/wp\/v2\/users\/1"}],"replies":[{"embeddable":true,"href":"https:\/\/www.taragon.li\/en\/wp-json\/wp\/v2\/comments?post=988459"}],"version-history":[{"count":4,"href":"https:\/\/www.taragon.li\/en\/wp-json\/wp\/v2\/pages\/988459\/revisions"}],"predecessor-version":[{"id":988463,"href":"https:\/\/www.taragon.li\/en\/wp-json\/wp\/v2\/pages\/988459\/revisions\/988463"}],"wp:attachment":[{"href":"https:\/\/www.taragon.li\/en\/wp-json\/wp\/v2\/media?parent=988459"}],"curies":[{"name":"wp","href":"https:\/\/api.w.org\/{rel}","templated":true}]}}